{"id":2482,"date":"2023-03-23T18:38:48","date_gmt":"2023-03-23T18:38:48","guid":{"rendered":"http:\/\/casadequesada.com\/notice-of-privacy\/"},"modified":"2023-08-29T22:19:31","modified_gmt":"2023-08-29T22:19:31","slug":"notice-of-privacy","status":"publish","type":"page","link":"https:\/\/casadequesada.com\/en\/notice-of-privacy\/","title":{"rendered":"Notice of Privacy"},"content":{"rendered":"\t\t<div data-elementor-type=\"wp-page\" data-elementor-id=\"2482\" class=\"elementor elementor-2482 elementor-1872\" data-elementor-post-type=\"page\">\n\t\t\t\t<div class=\"elementor-element elementor-element-206db9b e-flex e-con-boxed e-con e-parent\" data-id=\"206db9b\" data-element_type=\"container\" data-settings=\"{&quot;background_background&quot;:&quot;classic&quot;,&quot;_ob_use_container_extras&quot;:&quot;no&quot;,&quot;_ob_column_hoveranimator&quot;:&quot;no&quot;,&quot;_ob_glider_is_slider&quot;:&quot;no&quot;,&quot;_ob_column_has_pseudo&quot;:&quot;no&quot;}\">\n\t\t\t\t\t<div class=\"e-con-inner\">\n\t\t\t\t\t<\/div>\n\t\t\t\t<\/div>\n\t\t<div class=\"elementor-element elementor-element-95a80c8 e-flex e-con-boxed e-con e-parent\" data-id=\"95a80c8\" data-element_type=\"container\" data-settings=\"{&quot;background_background&quot;:&quot;classic&quot;,&quot;_ob_use_container_extras&quot;:&quot;no&quot;,&quot;_ob_column_hoveranimator&quot;:&quot;no&quot;,&quot;_ob_glider_is_slider&quot;:&quot;no&quot;,&quot;_ob_column_has_pseudo&quot;:&quot;no&quot;}\">\n\t\t\t\t\t<div class=\"e-con-inner\">\n\t\t\t\t<div class=\"elementor-element elementor-element-6a56f4e elementor-invisible elementor-widget elementor-widget-heading\" data-id=\"6a56f4e\" data-element_type=\"widget\" data-settings=\"{&quot;_animation&quot;:&quot;fadeInUp&quot;,&quot;_animation_delay&quot;:0.45,&quot;_ob_widget_stalker_use&quot;:&quot;no&quot;,&quot;_ob_shadough_use&quot;:&quot;no&quot;,&quot;_ob_allow_hoveranimator&quot;:&quot;no&quot;}\" data-widget_type=\"heading.default\">\n\t\t\t\t<div class=\"elementor-widget-container\">\n\t\t\t<style>\/*! elementor - v3.21.0 - 25-04-2024 *\/\n.elementor-heading-title{padding:0;margin:0;line-height:1}.elementor-widget-heading .elementor-heading-title[class*=elementor-size-]>a{color:inherit;font-size:inherit;line-height:inherit}.elementor-widget-heading .elementor-heading-title.elementor-size-small{font-size:15px}.elementor-widget-heading .elementor-heading-title.elementor-size-medium{font-size:19px}.elementor-widget-heading .elementor-heading-title.elementor-size-large{font-size:29px}.elementor-widget-heading .elementor-heading-title.elementor-size-xl{font-size:39px}.elementor-widget-heading .elementor-heading-title.elementor-size-xxl{font-size:59px}<\/style><h1 class=\"elementor-heading-title elementor-size-default\">Notice of Privacy<\/h1>\t\t<\/div>\n\t\t\t\t<\/div>\n\t\t\t\t\t<\/div>\n\t\t\t\t<\/div>\n\t\t<div class=\"elementor-element elementor-element-2c22060 e-flex e-con-boxed e-con e-parent\" data-id=\"2c22060\" data-element_type=\"container\" data-settings=\"{&quot;_ob_use_container_extras&quot;:&quot;no&quot;,&quot;_ob_column_hoveranimator&quot;:&quot;no&quot;,&quot;_ob_glider_is_slider&quot;:&quot;no&quot;,&quot;_ob_column_has_pseudo&quot;:&quot;no&quot;}\">\n\t\t\t\t\t<div class=\"e-con-inner\">\n\t\t<div class=\"elementor-element elementor-element-2f2daf5 e-con-full e-flex e-con e-parent\" data-id=\"2f2daf5\" data-element_type=\"container\" data-settings=\"{&quot;_ob_use_container_extras&quot;:&quot;no&quot;,&quot;_ob_column_hoveranimator&quot;:&quot;no&quot;,&quot;_ob_glider_is_slider&quot;:&quot;no&quot;,&quot;_ob_column_has_pseudo&quot;:&quot;no&quot;}\">\n\t\t\t\t<div class=\"elementor-element elementor-element-aa49e1c elementor-widget elementor-widget-text-editor\" data-id=\"aa49e1c\" data-element_type=\"widget\" data-settings=\"{&quot;_ob_postman_use&quot;:&quot;no&quot;,&quot;_ob_widget_stalker_use&quot;:&quot;no&quot;,&quot;_ob_shadough_use&quot;:&quot;no&quot;,&quot;_ob_allow_hoveranimator&quot;:&quot;no&quot;}\" data-widget_type=\"text-editor.default\">\n\t\t\t\t<div class=\"elementor-widget-container\">\n\t\t\t<style>\/*! elementor - v3.21.0 - 25-04-2024 *\/\n.elementor-widget-text-editor.elementor-drop-cap-view-stacked .elementor-drop-cap{background-color:#69727d;color:#fff}.elementor-widget-text-editor.elementor-drop-cap-view-framed .elementor-drop-cap{color:#69727d;border:3px solid;background-color:transparent}.elementor-widget-text-editor:not(.elementor-drop-cap-view-default) .elementor-drop-cap{margin-top:8px}.elementor-widget-text-editor:not(.elementor-drop-cap-view-default) .elementor-drop-cap-letter{width:1em;height:1em}.elementor-widget-text-editor .elementor-drop-cap{float:left;text-align:center;line-height:1;font-size:50px}.elementor-widget-text-editor .elementor-drop-cap-letter{display:inline-block}<\/style>\t\t\t\t<p>\u00a1Gracias por ser parte de nuestra vin\u00edcola <strong>Casa de Quesada<\/strong>!<\/p>\n<\/p>\n<p>En <strong>Casa de Quesada<\/strong> estamos comprometidos a respetar y proteger los derechos de privacidad e informaci\u00f3n personal, tanto de los visitantes de nuestro sitio web como de todos los usuarios que participan en nuestras redes sociales y\/o reciben informaciones y promociones v\u00eda e-mail.<\/p>\n<p>Las siguientes condiciones tienen por objetivo informar sobre c\u00f3mo recopilamos, usamos y almacenamos los datos de nuestros usuarios y, adem\u00e1s, sobre c\u00f3mo \u00e9stos pueden solicitar eliminar su informaci\u00f3n.<\/p>\n<p>Las presentes condiciones son aplicables a las visitas a nuestro sitio web, participaciones en concursos, tanto en el sitio como en redes sociales, en donde se notifique el uso de esta Pol\u00edtica de Privacidad y Uso de Datos.<\/p>\n<p><strong>\u00bfC\u00f3mo recopilamos los datos?<\/strong><\/p>\n<p>Compilamos los datos personales a trav\u00e9s de formularios, en que las personas los registran voluntariamente y aceptan los t\u00e9rminos y condiciones asociados a ese requerimiento de informaci\u00f3n, consintiendo las Condiciones de Privacidad y Uso de Datos, completados en:<\/p>\n<\/p>\n<ul>\n<li>Visitas a la vin\u00edcola <strong>Casa de Quesada<\/strong>.<\/li>\n<li>Participaci\u00f3n de concursos a trav\u00e9s del sitio web, Facebook o Instagram.<\/li>\n<li>Actualizaci\u00f3n de datos a trav\u00e9s de campa\u00f1as orientadas con ese fin, difundidas a trav\u00e9s de medios de comunicaci\u00f3n masiva u online.<\/li>\n<li>Otros mecanismos de recolecci\u00f3n de datos de los productos de la empresa <strong>Casa de Quesada<\/strong> que est\u00e9n adheridos a estas regulaciones.<\/li>\n<\/ul>\n<p><strong>\u00bfQu\u00e9 datos recopilamos?<\/strong><\/p>\n<p>Los datos registrados son los que los usuarios entregan voluntariamente a trav\u00e9s de un formulario, ya sea en nuestro sitio web o en nuestras redes sociales, entre los que se encuentran:<\/p>\n<ul>\n<li>Nombre (nombre de pila y apellido)<\/li>\n<li>Fecha de nacimiento<\/li>\n<li>Edad<\/li>\n<li>Email<\/li>\n<li>Phone<\/li>\n<\/ul>\n<p>En nuestro sitio web recolectamos datos a trav\u00e9s de Cookies, en los que se guarda informaci\u00f3n sobre la edad y las preferencias generales de los usuarios, pero no asociados a datos personales.<\/p>\n<p><strong>\u00bfPara qu\u00e9 usamos los datos personales?<\/strong><\/p>\n<p>En <strong>Casa de Quesada<\/strong> estamos comprometidos a ofrecer la mejor experiencia con nuestros vinos. Es por esto que usamos los datos proporcionados para entregar un contenido acorde a sus preferencias, e incluso personalizado, en base a los datos que el usuario entrega.<\/p>\n<p>Los datos de contacto se utilizan para hacerle llegar informaci\u00f3n relevante, promociones y concursos exclusivos que tienen por objetivo la fidelizaci\u00f3n y proporcionarle una mejor experiencia de consumo, previa aceptaci\u00f3n de los t\u00e9rminos y condiciones asociados al registro de esos datos y de la presente Pol\u00edtica de Privacidad y Uso de Datos.<\/p>\n<\/p>\n<p>Todas las comunicaciones de <strong>Casa de Quesada<\/strong> est\u00e1n orientadas a personas mayores de 18 a\u00f1os o con la edad permitida para beber alcohol de su pa\u00eds de residencia.<\/p>\n<p><strong>\u00bfC\u00f3mo almacenamos los datos de nuestros usuarios?<\/strong><\/p>\n<p>La base de datos en donde se almacena la informaci\u00f3n de nuestros usuarios se mantiene guardada en servidores, bajo estrictas medidas de seguridad para evitar un mal uso, interferencia, p\u00e9rdida o un acceso no autorizado.<\/p>\n<p><strong>Casa de Quesada<\/strong> no compartir\u00e1 ni vender\u00e1 los datos almacenados con terceros pero s\u00ed utilizar\u00e1 esa informaci\u00f3n para env\u00edos sobre sus marcas asociadas, siempre relacionadas con el producto.<\/p>\n<p><strong>\u00bfC\u00f3mo solicito la eliminaci\u00f3n de mis datos?<\/strong><\/p>\n<p>Solo mantenemos los datos personales de los usuarios que voluntariamente aceptaron enviar su informaci\u00f3n de acuerdo a los t\u00e9rminos y condiciones aplicados a ese formulario y a la presente Pol\u00edtica de Privacidad y Uso de Datos.<\/p>\n<\/p>\n<p>Si un usuario cambia de opini\u00f3n y desea eliminar su informaci\u00f3n de la base de datos, debe enviar un correo a <a href=\"mailto:info@casadequesada.com\">info@casadequesada.com<\/a> y comunicar su decisi\u00f3n, el cual deber\u00e1 ser confirmado en un plazo no mayor a las 48 horas.<\/p>\n<\/p>\n<p><strong>Consultas<\/strong><\/p>\n<p>En caso de consultas sobre nuestra pol\u00edtica agradecemos ponerse en contacto con nosotros a trav\u00e9s del formulario ubicado en: <a href=\"https:\/\/casadequesada.com\/en\/contact-us\/\">http:\/\/casadequesada.com\/contacto\/<\/a><\/p>\n<\/p>\n<p>\u00a1Gracias por tu confianza!<\/p>\n\t\t\t\t\t\t<\/div>\n\t\t\t\t<\/div>\n\t\t\t\t<\/div>\n\t\t\t\t\t<\/div>\n\t\t\t\t<\/div>\n\t\t\t\t<\/div>\n\t\t","protected":false},"excerpt":{"rendered":"<p>Notice of Privacy \u00a1Gracias por ser parte de nuestra vin\u00edcola Casa de Quesada! En Casa de Quesada estamos comprometidos a respetar y proteger los derechos de privacidad e informaci\u00f3n personal, tanto de los visitantes de nuestro sitio web como de todos los usuarios que participan en nuestras redes sociales y\/o reciben informaciones y promociones v\u00eda [&hellip;]<\/p>\n","protected":false},"author":1,"featured_media":0,"parent":0,"menu_order":0,"comment_status":"closed","ping_status":"closed","template":"elementor_header_footer","meta":[],"yoast_head":"<!-- This site is optimized with the Yoast SEO plugin v21.8.1 - https:\/\/yoast.com\/wordpress\/plugins\/seo\/ -->\n<title>Notice of Privacy - Casa de Quesada<\/title>\n<meta name=\"robots\" content=\"index, follow, max-snippet:-1, max-image-preview:large, max-video-preview:-1\" \/>\n<link rel=\"canonical\" href=\"https:\/\/casadequesada.com\/en\/notice-of-privacy\/\" \/>\n<meta property=\"og:locale\" content=\"en_US\" \/>\n<meta property=\"og:type\" content=\"article\" \/>\n<meta property=\"og:title\" content=\"Notice of Privacy - Casa de Quesada\" \/>\n<meta property=\"og:description\" content=\"Notice of Privacy \u00a1Gracias por ser parte de nuestra vin\u00edcola Casa de Quesada! En Casa de Quesada estamos comprometidos a respetar y proteger los derechos de privacidad e informaci\u00f3n personal, tanto de los visitantes de nuestro sitio web como de todos los usuarios que participan en nuestras redes sociales y\/o reciben informaciones y promociones v\u00eda [&hellip;]\" \/>\n<meta property=\"og:url\" content=\"https:\/\/casadequesada.com\/en\/notice-of-privacy\/\" \/>\n<meta property=\"og:site_name\" content=\"Casa de Quesada\" \/>\n<meta property=\"article:modified_time\" content=\"2023-08-29T22:19:31+00:00\" \/>\n<meta name=\"twitter:card\" content=\"summary_large_image\" \/>\n<meta name=\"twitter:label1\" content=\"Est. reading time\" \/>\n\t<meta name=\"twitter:data1\" content=\"3 minutes\" \/>\n<script type=\"application\/ld+json\" class=\"yoast-schema-graph\">{\"@context\":\"https:\/\/schema.org\",\"@graph\":[{\"@type\":\"WebPage\",\"@id\":\"https:\/\/casadequesada.com\/en\/notice-of-privacy\/\",\"url\":\"https:\/\/casadequesada.com\/en\/notice-of-privacy\/\",\"name\":\"Notice of Privacy - Casa de Quesada\",\"isPartOf\":{\"@id\":\"https:\/\/casadequesada.com\/en\/#website\"},\"datePublished\":\"2023-03-23T18:38:48+00:00\",\"dateModified\":\"2023-08-29T22:19:31+00:00\",\"breadcrumb\":{\"@id\":\"https:\/\/casadequesada.com\/en\/notice-of-privacy\/#breadcrumb\"},\"inLanguage\":\"en-US\",\"potentialAction\":[{\"@type\":\"ReadAction\",\"target\":[\"https:\/\/casadequesada.com\/en\/notice-of-privacy\/\"]}]},{\"@type\":\"BreadcrumbList\",\"@id\":\"https:\/\/casadequesada.com\/en\/notice-of-privacy\/#breadcrumb\",\"itemListElement\":[{\"@type\":\"ListItem\",\"position\":1,\"name\":\"Portada\",\"item\":\"https:\/\/casadequesada.com\/en\/\"},{\"@type\":\"ListItem\",\"position\":2,\"name\":\"Notice of Privacy\"}]},{\"@type\":\"WebSite\",\"@id\":\"https:\/\/casadequesada.com\/en\/#website\",\"url\":\"https:\/\/casadequesada.com\/en\/\",\"name\":\"Casa de Quesada\",\"description\":\"Casa De Quesada\",\"publisher\":{\"@id\":\"https:\/\/casadequesada.com\/en\/#organization\"},\"potentialAction\":[{\"@type\":\"SearchAction\",\"target\":{\"@type\":\"EntryPoint\",\"urlTemplate\":\"https:\/\/casadequesada.com\/en\/?s={search_term_string}\"},\"query-input\":\"required name=search_term_string\"}],\"inLanguage\":\"en-US\"},{\"@type\":\"Organization\",\"@id\":\"https:\/\/casadequesada.com\/en\/#organization\",\"name\":\"Casa de Quesada\",\"url\":\"https:\/\/casadequesada.com\/en\/\",\"logo\":{\"@type\":\"ImageObject\",\"inLanguage\":\"en-US\",\"@id\":\"https:\/\/casadequesada.com\/en\/#\/schema\/logo\/image\/\",\"url\":\"http:\/\/casadequesada.com\/wp-content\/uploads\/2022\/12\/v2-logo-casa-de-quesada.png\",\"contentUrl\":\"http:\/\/casadequesada.com\/wp-content\/uploads\/2022\/12\/v2-logo-casa-de-quesada.png\",\"width\":900,\"height\":600,\"caption\":\"Casa de Quesada\"},\"image\":{\"@id\":\"https:\/\/casadequesada.com\/en\/#\/schema\/logo\/image\/\"}}]}<\/script>\n<!-- \/ Yoast SEO plugin. -->","yoast_head_json":{"title":"Notice of Privacy - Casa de Quesada","robots":{"index":"index","follow":"follow","max-snippet":"max-snippet:-1","max-image-preview":"max-image-preview:large","max-video-preview":"max-video-preview:-1"},"canonical":"https:\/\/casadequesada.com\/en\/notice-of-privacy\/","og_locale":"en_US","og_type":"article","og_title":"Notice of Privacy - Casa de Quesada","og_description":"Notice of Privacy \u00a1Gracias por ser parte de nuestra vin\u00edcola Casa de Quesada! En Casa de Quesada estamos comprometidos a respetar y proteger los derechos de privacidad e informaci\u00f3n personal, tanto de los visitantes de nuestro sitio web como de todos los usuarios que participan en nuestras redes sociales y\/o reciben informaciones y promociones v\u00eda [&hellip;]","og_url":"https:\/\/casadequesada.com\/en\/notice-of-privacy\/","og_site_name":"Casa de Quesada","article_modified_time":"2023-08-29T22:19:31+00:00","twitter_card":"summary_large_image","twitter_misc":{"Est. reading time":"3 minutes"},"schema":{"@context":"https:\/\/schema.org","@graph":[{"@type":"WebPage","@id":"https:\/\/casadequesada.com\/en\/notice-of-privacy\/","url":"https:\/\/casadequesada.com\/en\/notice-of-privacy\/","name":"Notice of Privacy - Casa de Quesada","isPartOf":{"@id":"https:\/\/casadequesada.com\/en\/#website"},"datePublished":"2023-03-23T18:38:48+00:00","dateModified":"2023-08-29T22:19:31+00:00","breadcrumb":{"@id":"https:\/\/casadequesada.com\/en\/notice-of-privacy\/#breadcrumb"},"inLanguage":"en-US","potentialAction":[{"@type":"ReadAction","target":["https:\/\/casadequesada.com\/en\/notice-of-privacy\/"]}]},{"@type":"BreadcrumbList","@id":"https:\/\/casadequesada.com\/en\/notice-of-privacy\/#breadcrumb","itemListElement":[{"@type":"ListItem","position":1,"name":"Portada","item":"https:\/\/casadequesada.com\/en\/"},{"@type":"ListItem","position":2,"name":"Notice of Privacy"}]},{"@type":"WebSite","@id":"https:\/\/casadequesada.com\/en\/#website","url":"https:\/\/casadequesada.com\/en\/","name":"Casa de Quesada","description":"Casa De Quesada","publisher":{"@id":"https:\/\/casadequesada.com\/en\/#organization"},"potentialAction":[{"@type":"SearchAction","target":{"@type":"EntryPoint","urlTemplate":"https:\/\/casadequesada.com\/en\/?s={search_term_string}"},"query-input":"required name=search_term_string"}],"inLanguage":"en-US"},{"@type":"Organization","@id":"https:\/\/casadequesada.com\/en\/#organization","name":"Casa de Quesada","url":"https:\/\/casadequesada.com\/en\/","logo":{"@type":"ImageObject","inLanguage":"en-US","@id":"https:\/\/casadequesada.com\/en\/#\/schema\/logo\/image\/","url":"http:\/\/casadequesada.com\/wp-content\/uploads\/2022\/12\/v2-logo-casa-de-quesada.png","contentUrl":"http:\/\/casadequesada.com\/wp-content\/uploads\/2022\/12\/v2-logo-casa-de-quesada.png","width":900,"height":600,"caption":"Casa de Quesada"},"image":{"@id":"https:\/\/casadequesada.com\/en\/#\/schema\/logo\/image\/"}}]}},"_links":{"self":[{"href":"https:\/\/casadequesada.com\/en\/wp-json\/wp\/v2\/pages\/2482"}],"collection":[{"href":"https:\/\/casadequesada.com\/en\/wp-json\/wp\/v2\/pages"}],"about":[{"href":"https:\/\/casadequesada.com\/en\/wp-json\/wp\/v2\/types\/page"}],"author":[{"embeddable":true,"href":"https:\/\/casadequesada.com\/en\/wp-json\/wp\/v2\/users\/1"}],"replies":[{"embeddable":true,"href":"https:\/\/casadequesada.com\/en\/wp-json\/wp\/v2\/comments?post=2482"}],"version-history":[{"count":1,"href":"https:\/\/casadequesada.com\/en\/wp-json\/wp\/v2\/pages\/2482\/revisions"}],"predecessor-version":[{"id":2483,"href":"https:\/\/casadequesada.com\/en\/wp-json\/wp\/v2\/pages\/2482\/revisions\/2483"}],"wp:attachment":[{"href":"https:\/\/casadequesada.com\/en\/wp-json\/wp\/v2\/media?parent=2482"}],"curies":[{"name":"wp","href":"https:\/\/api.w.org\/{rel}","templated":true}]}}